{"id":976,"date":"2024-03-18T10:29:34","date_gmt":"2024-03-18T10:29:34","guid":{"rendered":"https:\/\/new.vanessapaddock.com\/?page_id=976"},"modified":"2024-04-02T09:22:24","modified_gmt":"2024-04-02T09:22:24","slug":"come-entrare-nel-paddock-motogp","status":"publish","type":"page","link":"https:\/\/vanessapaddock.com\/en\/come-entrare-nel-paddock-motogp\/","title":{"rendered":"Come entrare nel paddock MotoGP"},"content":{"rendered":"<div data-elementor-type=\"wp-page\" data-elementor-id=\"976\" class=\"elementor elementor-976\">\n\t\t\t\t<div class=\"elementor-element elementor-element-7f05a01 e-flex e-con-boxed e-con e-parent\" data-id=\"7f05a01\" data-element_type=\"container\" data-core-v316-plus=\"true\">\n\t\t\t\t\t<div class=\"e-con-inner\">\n\t\t\t\t<div class=\"elementor-element elementor-element-7fc9c81 elementor-widget elementor-widget-image\" data-id=\"7fc9c81\" data-element_type=\"widget\" data-widget_type=\"image.default\">\n\t\t\t\t<div class=\"elementor-widget-container\">\n\t\t\t<style>\/*! elementor - v3.20.0 - 26-03-2024 *\/\n.elementor-widget-image{text-align:center}.elementor-widget-image a{display:inline-block}.elementor-widget-image a img[src$=\".svg\"]{width:48px}.elementor-widget-image img{vertical-align:middle;display:inline-block}<\/style>\t\t\t\t\t\t\t\t\t\t<img fetchpriority=\"high\" decoding=\"async\" width=\"1024\" height=\"768\" src=\"https:\/\/vanessapaddock.com\/wp-content\/uploads\/2024\/03\/come-entrare-nel-paddock-della-motogp-1024x768.jpeg\" class=\"attachment-large size-large wp-image-977\" alt=\"come entrare nel paddock motogp\" srcset=\"https:\/\/vanessapaddock.com\/wp-content\/uploads\/2024\/03\/come-entrare-nel-paddock-della-motogp-1024x768.jpeg 1024w, https:\/\/vanessapaddock.com\/wp-content\/uploads\/2024\/03\/come-entrare-nel-paddock-della-motogp-300x225.jpeg 300w, https:\/\/vanessapaddock.com\/wp-content\/uploads\/2024\/03\/come-entrare-nel-paddock-della-motogp-768x576.jpeg 768w, https:\/\/vanessapaddock.com\/wp-content\/uploads\/2024\/03\/come-entrare-nel-paddock-della-motogp-1536x1152.jpeg 1536w, https:\/\/vanessapaddock.com\/wp-content\/uploads\/2024\/03\/come-entrare-nel-paddock-della-motogp.jpeg 2000w\" sizes=\"(max-width: 1024px) 100vw, 1024px\" \/>\t\t\t\t\t\t\t\t\t\t\t\t\t<\/div>\n\t\t\t\t<\/div>\n\t\t\t\t\t<\/div>\n\t\t\t\t<\/div>\n\t\t<div class=\"elementor-element elementor-element-d90ff54 e-flex e-con-boxed e-con e-parent\" data-id=\"d90ff54\" data-element_type=\"container\" data-core-v316-plus=\"true\">\n\t\t\t\t\t<div class=\"e-con-inner\">\n\t\t\t\t<div class=\"elementor-element elementor-element-2af6602 elementor-widget elementor-widget-heading\" data-id=\"2af6602\" data-element_type=\"widget\" data-widget_type=\"heading.default\">\n\t\t\t\t<div class=\"elementor-widget-container\">\n\t\t\t<style>\/*! elementor - v3.20.0 - 26-03-2024 *\/\n.elementor-heading-title{padding:0;margin:0;line-height:1}.elementor-widget-heading .elementor-heading-title[class*=elementor-size-]>a{color:inherit;font-size:inherit;line-height:inherit}.elementor-widget-heading .elementor-heading-title.elementor-size-small{font-size:15px}.elementor-widget-heading .elementor-heading-title.elementor-size-medium{font-size:19px}.elementor-widget-heading .elementor-heading-title.elementor-size-large{font-size:29px}.elementor-widget-heading .elementor-heading-title.elementor-size-xl{font-size:39px}.elementor-widget-heading .elementor-heading-title.elementor-size-xxl{font-size:59px}<\/style><h1 class=\"elementor-heading-title elementor-size-default\">Come entrare nel Paddock MotoGP\n<\/h1>\t\t<\/div>\n\t\t\t\t<\/div>\n\t\t\t\t<div class=\"elementor-element elementor-element-613bd30 elementor-widget elementor-widget-text-editor\" data-id=\"613bd30\" data-element_type=\"widget\" data-widget_type=\"text-editor.default\">\n\t\t\t\t<div class=\"elementor-widget-container\">\n\t\t\t<style>\/*! elementor - v3.20.0 - 26-03-2024 *\/\n.elementor-widget-text-editor.elementor-drop-cap-view-stacked .elementor-drop-cap{background-color:#69727d;color:#fff}.elementor-widget-text-editor.elementor-drop-cap-view-framed .elementor-drop-cap{color:#69727d;border:3px solid;background-color:transparent}.elementor-widget-text-editor:not(.elementor-drop-cap-view-default) .elementor-drop-cap{margin-top:8px}.elementor-widget-text-editor:not(.elementor-drop-cap-view-default) .elementor-drop-cap-letter{width:1em;height:1em}.elementor-widget-text-editor .elementor-drop-cap{float:left;text-align:center;line-height:1;font-size:50px}.elementor-widget-text-editor .elementor-drop-cap-letter{display:inline-block}<\/style>\t\t\t\t<p class=\" translation-block\">Se sei un vero appassionato del motomondiale, ti sarai di certo chiesto:&nbsp;<b>come entrare nel Paddock MotoGP<\/b>? Perch\u00e9 s\u00ec, assistere alla gara dagli spalti \u00e8 straordinario, ma vivere le emozioni della competizione da un punto di vista privilegiato come il Paddock \u00e8 qualcosa di letteralmente irraggiungibile.<\/p><p>Come saprai, il Paddock \u00e8 quell\u2019area del circuito destinata agli organizzatori e alle squadre in competizione. Qui sono posizionate tutte le strutture destinate alle operazioni tecniche dei team e all\u2019hospitality.<\/p><p>Il Paddock, pertanto, \u00e8\u00a0<b>riservato ai professionisti<\/b>\u00a0che lavorano alla competizione, ovvero i membri dell\u2019equipe organizzativa e i vari tecnici e meccanici delle squadre, oltre che naturalmente i\u00a0<b>piloti in competizione<\/b>. Gli unici altri soggetti che possono accedere al Paddock di MotoGP, Moto2 e Moto3 sono i\u00a0<b>giornalisti<\/b>, i<b>\u00a0Vip<\/b>\u00a0e gli\u00a0<b>ospiti speciali<\/b>\u00a0dei team del motomondiale.<\/p><p>Il \u201ccomune\u201d pubblico non pu\u00f2 quindi accedere. E se stai pensando di acquistare il tuo\u00a0<b>Paddock Pass\u00a0<\/b>attraverso i normali canali di vendita, ci tocca deluderti, perch\u00e9\u00a0<b>non si tratta di un biglietto come gli altri<\/b>.<\/p><p>Il Paddock Pass, un vero e proprio badge che ti garantisce accesso alle aree riservate, \u00e8 un pass nominale riservato a una persona soltanto. Ma se non \u00e8 possibile comprare questi pass dai rivenditori di biglietti, quindi come fare per entrare nel Paddock MotoGP?<\/p>\t\t\t\t\t\t<\/div>\n\t\t\t\t<\/div>\n\t\t\t\t\t<\/div>\n\t\t\t\t<\/div>\n\t\t<div class=\"elementor-element elementor-element-2f2185b e-flex e-con-boxed e-con e-parent\" data-id=\"2f2185b\" data-element_type=\"container\" data-settings=\"{&quot;background_background&quot;:&quot;classic&quot;}\" data-core-v316-plus=\"true\">\n\t\t\t\t\t<div class=\"e-con-inner\">\n\t\t\t\t<div class=\"elementor-element elementor-element-b2a66fc elementor-widget elementor-widget-heading\" data-id=\"b2a66fc\" data-element_type=\"widget\" data-widget_type=\"heading.default\">\n\t\t\t\t<div class=\"elementor-widget-container\">\n\t\t\t<h3 class=\"elementor-heading-title elementor-size-default\">Scegli il tuo evento e ottieni il Pass!\n\n<\/h3>\t\t<\/div>\n\t\t\t\t<\/div>\n\t\t\t\t<div class=\"elementor-element elementor-element-dc5a9df elementor-align-center elementor-widget elementor-widget-button\" data-id=\"dc5a9df\" data-element_type=\"widget\" data-widget_type=\"button.default\">\n\t\t\t\t<div class=\"elementor-widget-container\">\n\t\t\t\t\t<div class=\"elementor-button-wrapper\">\n\t\t\t<a class=\"elementor-button elementor-button-link elementor-size-sm\" href=\"https:\/\/vanessapaddock.com\/en\/eventi\/\">\n\t\t\t\t\t\t<span class=\"elementor-button-content-wrapper\">\n\t\t\t\t\t\t<span class=\"elementor-button-text\">VEDI EVENTI<\/span>\n\t\t<\/span>\n\t\t\t\t\t<\/a>\n\t\t<\/div>\n\t\t\t\t<\/div>\n\t\t\t\t<\/div>\n\t\t\t\t\t<\/div>\n\t\t\t\t<\/div>\n\t\t<div class=\"elementor-element elementor-element-be7c940 e-flex e-con-boxed e-con e-parent\" data-id=\"be7c940\" data-element_type=\"container\" data-core-v316-plus=\"true\">\n\t\t\t\t\t<div class=\"e-con-inner\">\n\t\t\t\t<div class=\"elementor-element elementor-element-22a9b19 elementor-widget elementor-widget-heading\" data-id=\"22a9b19\" data-element_type=\"widget\" data-widget_type=\"heading.default\">\n\t\t\t\t<div class=\"elementor-widget-container\">\n\t\t\t<h2 class=\"elementor-heading-title elementor-size-default\">Come entrare nel Paddock MotoGP<\/h2>\t\t<\/div>\n\t\t\t\t<\/div>\n\t\t\t\t<div class=\"elementor-element elementor-element-a8652e6 elementor-widget elementor-widget-text-editor\" data-id=\"a8652e6\" data-element_type=\"widget\" data-widget_type=\"text-editor.default\">\n\t\t\t\t<div class=\"elementor-widget-container\">\n\t\t\t\t\t\t\t<p>Per tua fortuna, noi abbiamo la soluzione per farti entrare nel Paddock MotoGP, Moto2 e Moto3\u2026 oltretutto come\u00a0<b>ospite di uno dei team in gara<\/b>!<\/p><p><b>Vanessa Paddock\u00a0<\/b>\u00e8 un progetto speciale del gruppo\u00a0<a href=\"https:\/\/www.vanessaviaggi.it\/\" target=\"_blank\" rel=\"noopener\">Vanessa Viaggi<\/a>, agenzia con tre sedi a Firenze, che negli anni \u00e8 riuscita a stringere una solida collaborazione con le principali squadre del motomondiale.<\/p><p><b>Questo rapporto<\/b>, basato sulla fiducia reciproca e sulla professionalit\u00e0,\u00a0<b>ci consente di poterti procurare un Paddock Pass<\/b>\u00a0che ti permetter\u00e0 di entrare nel Paddock del MotoGP. Oltretutto, come ti dicevamo, come ospite di una delle squadre in competizione.<\/p>\t\t\t\t\t\t<\/div>\n\t\t\t\t<\/div>\n\t\t\t\t\t<\/div>\n\t\t\t\t<\/div>\n\t\t<div class=\"elementor-element elementor-element-405b599 e-flex e-con-boxed e-con e-parent\" data-id=\"405b599\" data-element_type=\"container\" data-core-v316-plus=\"true\">\n\t\t\t\t\t<div class=\"e-con-inner\">\n\t\t\t\t<div class=\"elementor-element elementor-element-12415a3 elementor-widget elementor-widget-image\" data-id=\"12415a3\" data-element_type=\"widget\" data-widget_type=\"image.default\">\n\t\t\t\t<div class=\"elementor-widget-container\">\n\t\t\t\t\t\t\t\t\t\t\t\t\t<img decoding=\"async\" width=\"1024\" height=\"683\" src=\"https:\/\/vanessapaddock.com\/wp-content\/uploads\/2024\/03\/7895260aebe9226687f22f439b2798c2-1024x683.jpeg\" class=\"attachment-large size-large wp-image-78\" alt=\"\" srcset=\"https:\/\/vanessapaddock.com\/wp-content\/uploads\/2024\/03\/7895260aebe9226687f22f439b2798c2-1024x683.jpeg 1024w, https:\/\/vanessapaddock.com\/wp-content\/uploads\/2024\/03\/7895260aebe9226687f22f439b2798c2-300x200.jpeg 300w, https:\/\/vanessapaddock.com\/wp-content\/uploads\/2024\/03\/7895260aebe9226687f22f439b2798c2-768x512.jpeg 768w, https:\/\/vanessapaddock.com\/wp-content\/uploads\/2024\/03\/7895260aebe9226687f22f439b2798c2-1536x1024.jpeg 1536w, https:\/\/vanessapaddock.com\/wp-content\/uploads\/2024\/03\/7895260aebe9226687f22f439b2798c2.jpeg 1620w\" sizes=\"(max-width: 1024px) 100vw, 1024px\" \/>\t\t\t\t\t\t\t\t\t\t\t\t\t<\/div>\n\t\t\t\t<\/div>\n\t\t\t\t\t<\/div>\n\t\t\t\t<\/div>\n\t\t<div class=\"elementor-element elementor-element-499481b e-flex e-con-boxed e-con e-parent\" data-id=\"499481b\" data-element_type=\"container\" data-core-v316-plus=\"true\">\n\t\t\t\t\t<div class=\"e-con-inner\">\n\t\t\t\t<div class=\"elementor-element elementor-element-87e4851 elementor-widget elementor-widget-heading\" data-id=\"87e4851\" data-element_type=\"widget\" data-widget_type=\"heading.default\">\n\t\t\t\t<div class=\"elementor-widget-container\">\n\t\t\t<h2 class=\"elementor-heading-title elementor-size-default\">Paddock Pass: scopri tutti i vantaggi\n<\/h2>\t\t<\/div>\n\t\t\t\t<\/div>\n\t\t\t\t<div class=\"elementor-element elementor-element-9a42cea elementor-widget elementor-widget-text-editor\" data-id=\"9a42cea\" data-element_type=\"widget\" data-widget_type=\"text-editor.default\">\n\t\t\t\t<div class=\"elementor-widget-container\">\n\t\t\t\t\t\t\t<p>Con il nostro Paddock Pass\u00a0<b>potrai accedere al Paddock\u00a0<\/b>dell\u2019evento del motomondiale che hai scelto e aggirarti liberamente per l\u2019area, incontrando i tecnici, i meccanici e naturalmente loro, i tuoi eroi, ovvero i pi\u00f9 veloci piloti al mondo.<\/p><p>Potrai\u00a0<b>assistere in prima persona ai diversi momenti della preparazione<\/b>\u00a0pre-gara e\u00a0<b>avrai accesso al Food &amp; Beverage<\/b>\u00a0presso l\u2019area Hospitality. E, naturalmente, potrai\u00a0<b>seguire la competizione da una posizione privilegiata<\/b>, vivendo tutte le emozioni dell\u2019alta velocit\u00e0 gomito a gomito con chi lavora tutti i giorni per rendere il motomondiale realt\u00e0.<\/p><p>Ma non \u00e8 tutto: con il tuo Paddock Pass riceverai anche i\u00a0<b>gadget del team che ti ospita<\/b>\u00a0e avrai diritto ad\u00a0<b>assistenza continuativa<\/b>\u00a0durante tutto l\u2019evento.<\/p><p>E se vuoi vivere il tuo sogno senza nemmeno un pensiero, possiamo anche pensare a tutto il resto:\u00a0<b>biglietti aerei<\/b>, soggiorno in\u00a0<b>hotel<\/b>,<b>\u00a0transfer<\/b>\u00a0verso e dal circuito.<\/p><p>Ora che hai capito come entrare nel Paddock MotoGP, non ti resta che scegliere il tuo evento preferito e contattarci: al resto ci penseremo noi.<\/p>\t\t\t\t\t\t<\/div>\n\t\t\t\t<\/div>\n\t\t\t\t\t<\/div>\n\t\t\t\t<\/div>\n\t\t<div class=\"elementor-element elementor-element-631817a e-flex e-con-boxed e-con e-parent\" data-id=\"631817a\" data-element_type=\"container\" data-settings=\"{&quot;background_background&quot;:&quot;classic&quot;}\" data-core-v316-plus=\"true\">\n\t\t\t\t\t<div class=\"e-con-inner\">\n\t\t\t\t<div class=\"elementor-element elementor-element-9fc0d4e elementor-widget elementor-widget-heading\" data-id=\"9fc0d4e\" data-element_type=\"widget\" data-widget_type=\"heading.default\">\n\t\t\t\t<div class=\"elementor-widget-container\">\n\t\t\t<h3 class=\"elementor-heading-title elementor-size-default\">Entra nel Paddock ora!<\/h3>\t\t<\/div>\n\t\t\t\t<\/div>\n\t\t\t\t<div class=\"elementor-element elementor-element-209e71b elementor-align-center elementor-widget elementor-widget-button\" data-id=\"209e71b\" data-element_type=\"widget\" data-widget_type=\"button.default\">\n\t\t\t\t<div class=\"elementor-widget-container\">\n\t\t\t\t\t<div class=\"elementor-button-wrapper\">\n\t\t\t<a class=\"elementor-button elementor-button-link elementor-size-sm\" href=\"https:\/\/vanessapaddock.com\/en\/come-entrare-nel-paddock-motogp\/\">\n\t\t\t\t\t\t<span class=\"elementor-button-content-wrapper\">\n\t\t\t\t\t\t<span class=\"elementor-button-text\">PORTAMI L\u00cc<\/span>\n\t\t<\/span>\n\t\t\t\t\t<\/a>\n\t\t<\/div>\n\t\t\t\t<\/div>\n\t\t\t\t<\/div>\n\t\t\t\t\t<\/div>\n\t\t\t\t<\/div>\n\t\t\t\t<\/div>","protected":false},"excerpt":{"rendered":"<p>Come entrare nel Paddock MotoGP Se sei un vero appassionato del motomondiale, ti sarai di certo chiesto:\u00a0come entrare nel Paddock [&hellip;]<\/p>","protected":false},"author":5,"featured_media":977,"parent":0,"menu_order":0,"comment_status":"closed","ping_status":"closed","template":"","meta":{"site-sidebar-layout":"no-sidebar","site-content-layout":"","ast-site-content-layout":"full-width-container","site-content-style":"default","site-sidebar-style":"default","ast-global-header-display":"","ast-banner-title-visibility":"","ast-main-header-display":"","ast-hfb-above-header-display":"","ast-hfb-below-header-display":"","ast-hfb-mobile-header-display":"","site-post-title":"disabled","ast-breadcrumbs-content":"","ast-featured-img":"disabled","footer-sml-layout":"","theme-transparent-header-meta":"default","adv-header-id-meta":"","stick-header-meta":"default","header-above-stick-meta":"","header-main-stick-meta":"","header-below-stick-meta":"","astra-migrate-meta-layouts":"set","ast-page-background-enabled":"default","ast-page-background-meta":{"desktop":{"background-color":"var(--ast-global-color-4)","background-image":"","background-repeat":"repeat","background-position":"center center","background-size":"auto","background-attachment":"scroll","background-type":"","background-media":"","overlay-type":"","overlay-color":"","overlay-gradient":""},"tablet":{"background-color":"","background-image":"","background-repeat":"repeat","background-position":"center center","background-size":"auto","background-attachment":"scroll","background-type":"","background-media":"","overlay-type":"","overlay-color":"","overlay-gradient":""},"mobile":{"background-color":"","background-image":"","background-repeat":"repeat","background-position":"center center","background-size":"auto","background-attachment":"scroll","background-type":"","background-media":"","overlay-type":"","overlay-color":"","overlay-gradient":""}},"ast-content-background-meta":{"desktop":{"background-color":"var(--ast-global-color-5)","background-image":"","background-repeat":"repeat","background-position":"center center","background-size":"auto","background-attachment":"scroll","background-type":"","background-media":"","overlay-type":"","overlay-color":"","overlay-gradient":""},"tablet":{"background-color":"var(--ast-global-color-5)","background-image":"","background-repeat":"repeat","background-position":"center center","background-size":"auto","background-attachment":"scroll","background-type":"","background-media":"","overlay-type":"","overlay-color":"","overlay-gradient":""},"mobile":{"background-color":"var(--ast-global-color-5)","background-image":"","background-repeat":"repeat","background-position":"center center","background-size":"auto","background-attachment":"scroll","background-type":"","background-media":"","overlay-type":"","overlay-color":"","overlay-gradient":""}},"footnotes":""},"class_list":["post-976","page","type-page","status-publish","has-post-thumbnail","hentry"],"yoast_head":"<!-- This site is optimized with the Yoast SEO plugin v26.2 - https:\/\/yoast.com\/wordpress\/plugins\/seo\/ -->\n<title>Come entrare nel paddock MotoGP - Vanessa Paddock<\/title>\n<meta name=\"description\" content=\"Se ti chiedi come entrare nel Paddock MotoGP, Vanessa Paddock pu\u00f2 procurarti un pass come ospite di uno dei team del motomondiale\" \/>\n<meta name=\"robots\" content=\"index, follow, max-snippet:-1, max-image-preview:large, max-video-preview:-1\" \/>\n<link rel=\"canonical\" href=\"https:\/\/vanessapaddock.com\/en\/come-entrare-nel-paddock-motogp\/\" \/>\n<meta property=\"og:locale\" content=\"en_US\" \/>\n<meta property=\"og:type\" content=\"article\" \/>\n<meta property=\"og:title\" content=\"Come entrare nel paddock MotoGP - Vanessa Paddock\" \/>\n<meta property=\"og:description\" content=\"Se ti chiedi come entrare nel Paddock MotoGP, Vanessa Paddock pu\u00f2 procurarti un pass come ospite di uno dei team del motomondiale\" \/>\n<meta property=\"og:url\" content=\"https:\/\/vanessapaddock.com\/en\/come-entrare-nel-paddock-motogp\/\" \/>\n<meta property=\"og:site_name\" content=\"Vanessa Paddock\" \/>\n<meta property=\"article:modified_time\" content=\"2024-04-02T09:22:24+00:00\" \/>\n<meta property=\"og:image\" content=\"https:\/\/vanessapaddock.com\/wp-content\/uploads\/2024\/03\/come-entrare-nel-paddock-della-motogp.jpeg\" \/>\n\t<meta property=\"og:image:width\" content=\"2000\" \/>\n\t<meta property=\"og:image:height\" content=\"1500\" \/>\n\t<meta property=\"og:image:type\" content=\"image\/jpeg\" \/>\n<meta name=\"twitter:card\" content=\"summary_large_image\" \/>\n<meta name=\"twitter:label1\" content=\"Est. reading time\" \/>\n\t<meta name=\"twitter:data1\" content=\"3 minutes\" \/>\n<script type=\"application\/ld+json\" class=\"yoast-schema-graph\">{\"@context\":\"https:\/\/schema.org\",\"@graph\":[{\"@type\":\"WebPage\",\"@id\":\"https:\/\/vanessapaddock.com\/en\/come-entrare-nel-paddock-motogp\/\",\"url\":\"https:\/\/vanessapaddock.com\/en\/come-entrare-nel-paddock-motogp\/\",\"name\":\"Come entrare nel paddock MotoGP - Vanessa Paddock\",\"isPartOf\":{\"@id\":\"https:\/\/vanessapaddock.com\/en\/#website\"},\"primaryImageOfPage\":{\"@id\":\"https:\/\/vanessapaddock.com\/en\/come-entrare-nel-paddock-motogp\/#primaryimage\"},\"image\":{\"@id\":\"https:\/\/vanessapaddock.com\/en\/come-entrare-nel-paddock-motogp\/#primaryimage\"},\"thumbnailUrl\":\"https:\/\/vanessapaddock.com\/wp-content\/uploads\/2024\/03\/come-entrare-nel-paddock-della-motogp.jpeg\",\"datePublished\":\"2024-03-18T10:29:34+00:00\",\"dateModified\":\"2024-04-02T09:22:24+00:00\",\"description\":\"Se ti chiedi come entrare nel Paddock MotoGP, Vanessa Paddock pu\u00f2 procurarti un pass come ospite di uno dei team del motomondiale\",\"breadcrumb\":{\"@id\":\"https:\/\/vanessapaddock.com\/en\/come-entrare-nel-paddock-motogp\/#breadcrumb\"},\"inLanguage\":\"en-US\",\"potentialAction\":[{\"@type\":\"ReadAction\",\"target\":[\"https:\/\/vanessapaddock.com\/en\/come-entrare-nel-paddock-motogp\/\"]}]},{\"@type\":\"ImageObject\",\"inLanguage\":\"en-US\",\"@id\":\"https:\/\/vanessapaddock.com\/en\/come-entrare-nel-paddock-motogp\/#primaryimage\",\"url\":\"https:\/\/vanessapaddock.com\/wp-content\/uploads\/2024\/03\/come-entrare-nel-paddock-della-motogp.jpeg\",\"contentUrl\":\"https:\/\/vanessapaddock.com\/wp-content\/uploads\/2024\/03\/come-entrare-nel-paddock-della-motogp.jpeg\",\"width\":2000,\"height\":1500,\"caption\":\"come entrare nel paddock motogp\"},{\"@type\":\"BreadcrumbList\",\"@id\":\"https:\/\/vanessapaddock.com\/en\/come-entrare-nel-paddock-motogp\/#breadcrumb\",\"itemListElement\":[{\"@type\":\"ListItem\",\"position\":1,\"name\":\"Home\",\"item\":\"https:\/\/vanessapaddock.com\/\"},{\"@type\":\"ListItem\",\"position\":2,\"name\":\"Come entrare nel paddock MotoGP\"}]},{\"@type\":\"WebSite\",\"@id\":\"https:\/\/vanessapaddock.com\/en\/#website\",\"url\":\"https:\/\/vanessapaddock.com\/en\/\",\"name\":\"Vanessa Paddock\",\"description\":\"MAKE A MEMORABLE EXPERIENCE\",\"publisher\":{\"@id\":\"https:\/\/vanessapaddock.com\/en\/#organization\"},\"potentialAction\":[{\"@type\":\"SearchAction\",\"target\":{\"@type\":\"EntryPoint\",\"urlTemplate\":\"https:\/\/vanessapaddock.com\/en\/?s={search_term_string}\"},\"query-input\":{\"@type\":\"PropertyValueSpecification\",\"valueRequired\":true,\"valueName\":\"search_term_string\"}}],\"inLanguage\":\"en-US\"},{\"@type\":\"Organization\",\"@id\":\"https:\/\/vanessapaddock.com\/en\/#organization\",\"name\":\"Vanessa Paddock\",\"url\":\"https:\/\/vanessapaddock.com\/en\/\",\"logo\":{\"@type\":\"ImageObject\",\"inLanguage\":\"en-US\",\"@id\":\"https:\/\/vanessapaddock.com\/en\/#\/schema\/logo\/image\/\",\"url\":\"https:\/\/vanessapaddock.com\/wp-content\/uploads\/2024\/03\/logo-bianco-vanessapaddock.svg\",\"contentUrl\":\"https:\/\/vanessapaddock.com\/wp-content\/uploads\/2024\/03\/logo-bianco-vanessapaddock.svg\",\"width\":290,\"height\":103,\"caption\":\"Vanessa Paddock\"},\"image\":{\"@id\":\"https:\/\/vanessapaddock.com\/en\/#\/schema\/logo\/image\/\"}}]}<\/script>\n<!-- \/ Yoast SEO plugin. -->","yoast_head_json":{"title":"Come entrare nel paddock MotoGP - Vanessa Paddock","description":"Se ti chiedi come entrare nel Paddock MotoGP, Vanessa Paddock pu\u00f2 procurarti un pass come ospite di uno dei team del motomondiale","robots":{"index":"index","follow":"follow","max-snippet":"max-snippet:-1","max-image-preview":"max-image-preview:large","max-video-preview":"max-video-preview:-1"},"canonical":"https:\/\/vanessapaddock.com\/en\/come-entrare-nel-paddock-motogp\/","og_locale":"en_US","og_type":"article","og_title":"Come entrare nel paddock MotoGP - Vanessa Paddock","og_description":"Se ti chiedi come entrare nel Paddock MotoGP, Vanessa Paddock pu\u00f2 procurarti un pass come ospite di uno dei team del motomondiale","og_url":"https:\/\/vanessapaddock.com\/en\/come-entrare-nel-paddock-motogp\/","og_site_name":"Vanessa Paddock","article_modified_time":"2024-04-02T09:22:24+00:00","og_image":[{"width":2000,"height":1500,"url":"https:\/\/vanessapaddock.com\/wp-content\/uploads\/2024\/03\/come-entrare-nel-paddock-della-motogp.jpeg","type":"image\/jpeg"}],"twitter_card":"summary_large_image","twitter_misc":{"Est. reading time":"3 minutes"},"schema":{"@context":"https:\/\/schema.org","@graph":[{"@type":"WebPage","@id":"https:\/\/vanessapaddock.com\/en\/come-entrare-nel-paddock-motogp\/","url":"https:\/\/vanessapaddock.com\/en\/come-entrare-nel-paddock-motogp\/","name":"Come entrare nel paddock MotoGP - Vanessa Paddock","isPartOf":{"@id":"https:\/\/vanessapaddock.com\/en\/#website"},"primaryImageOfPage":{"@id":"https:\/\/vanessapaddock.com\/en\/come-entrare-nel-paddock-motogp\/#primaryimage"},"image":{"@id":"https:\/\/vanessapaddock.com\/en\/come-entrare-nel-paddock-motogp\/#primaryimage"},"thumbnailUrl":"https:\/\/vanessapaddock.com\/wp-content\/uploads\/2024\/03\/come-entrare-nel-paddock-della-motogp.jpeg","datePublished":"2024-03-18T10:29:34+00:00","dateModified":"2024-04-02T09:22:24+00:00","description":"Se ti chiedi come entrare nel Paddock MotoGP, Vanessa Paddock pu\u00f2 procurarti un pass come ospite di uno dei team del motomondiale","breadcrumb":{"@id":"https:\/\/vanessapaddock.com\/en\/come-entrare-nel-paddock-motogp\/#breadcrumb"},"inLanguage":"en-US","potentialAction":[{"@type":"ReadAction","target":["https:\/\/vanessapaddock.com\/en\/come-entrare-nel-paddock-motogp\/"]}]},{"@type":"ImageObject","inLanguage":"en-US","@id":"https:\/\/vanessapaddock.com\/en\/come-entrare-nel-paddock-motogp\/#primaryimage","url":"https:\/\/vanessapaddock.com\/wp-content\/uploads\/2024\/03\/come-entrare-nel-paddock-della-motogp.jpeg","contentUrl":"https:\/\/vanessapaddock.com\/wp-content\/uploads\/2024\/03\/come-entrare-nel-paddock-della-motogp.jpeg","width":2000,"height":1500,"caption":"come entrare nel paddock motogp"},{"@type":"BreadcrumbList","@id":"https:\/\/vanessapaddock.com\/en\/come-entrare-nel-paddock-motogp\/#breadcrumb","itemListElement":[{"@type":"ListItem","position":1,"name":"Home","item":"https:\/\/vanessapaddock.com\/"},{"@type":"ListItem","position":2,"name":"Come entrare nel paddock MotoGP"}]},{"@type":"WebSite","@id":"https:\/\/vanessapaddock.com\/en\/#website","url":"https:\/\/vanessapaddock.com\/en\/","name":"Vanessa Paddock","description":"MAKE A MEMORABLE EXPERIENCE","publisher":{"@id":"https:\/\/vanessapaddock.com\/en\/#organization"},"potentialAction":[{"@type":"SearchAction","target":{"@type":"EntryPoint","urlTemplate":"https:\/\/vanessapaddock.com\/en\/?s={search_term_string}"},"query-input":{"@type":"PropertyValueSpecification","valueRequired":true,"valueName":"search_term_string"}}],"inLanguage":"en-US"},{"@type":"Organization","@id":"https:\/\/vanessapaddock.com\/en\/#organization","name":"Vanessa Paddock","url":"https:\/\/vanessapaddock.com\/en\/","logo":{"@type":"ImageObject","inLanguage":"en-US","@id":"https:\/\/vanessapaddock.com\/en\/#\/schema\/logo\/image\/","url":"https:\/\/vanessapaddock.com\/wp-content\/uploads\/2024\/03\/logo-bianco-vanessapaddock.svg","contentUrl":"https:\/\/vanessapaddock.com\/wp-content\/uploads\/2024\/03\/logo-bianco-vanessapaddock.svg","width":290,"height":103,"caption":"Vanessa Paddock"},"image":{"@id":"https:\/\/vanessapaddock.com\/en\/#\/schema\/logo\/image\/"}}]}},"_links":{"self":[{"href":"https:\/\/vanessapaddock.com\/en\/wp-json\/wp\/v2\/pages\/976","targetHints":{"allow":["GET"]}}],"collection":[{"href":"https:\/\/vanessapaddock.com\/en\/wp-json\/wp\/v2\/pages"}],"about":[{"href":"https:\/\/vanessapaddock.com\/en\/wp-json\/wp\/v2\/types\/page"}],"author":[{"embeddable":true,"href":"https:\/\/vanessapaddock.com\/en\/wp-json\/wp\/v2\/users\/5"}],"replies":[{"embeddable":true,"href":"https:\/\/vanessapaddock.com\/en\/wp-json\/wp\/v2\/comments?post=976"}],"version-history":[{"count":19,"href":"https:\/\/vanessapaddock.com\/en\/wp-json\/wp\/v2\/pages\/976\/revisions"}],"predecessor-version":[{"id":1287,"href":"https:\/\/vanessapaddock.com\/en\/wp-json\/wp\/v2\/pages\/976\/revisions\/1287"}],"wp:featuredmedia":[{"embeddable":true,"href":"https:\/\/vanessapaddock.com\/en\/wp-json\/wp\/v2\/media\/977"}],"wp:attachment":[{"href":"https:\/\/vanessapaddock.com\/en\/wp-json\/wp\/v2\/media?parent=976"}],"curies":[{"name":"wp","href":"https:\/\/api.w.org\/{rel}","templated":true}]}}